{"id":1104,"date":"2020-03-16T14:08:43","date_gmt":"2020-03-16T14:08:43","guid":{"rendered":"http:\/\/www.orange-srl.com\/chi-siamo\/"},"modified":"2021-03-11T08:58:27","modified_gmt":"2021-03-11T08:58:27","slug":"a-propos","status":"publish","type":"page","link":"https:\/\/www.orange-srl.com\/fr\/a-propos\/","title":{"rendered":"\u00c0 propos"},"content":{"rendered":"<div class=\"wpb-content-wrapper\"><p>[vc_row bg_type=\u00a0\u00bbimage\u00a0\u00bb parallax_style=\u00a0\u00bbvcpb-vz-jquery\u00a0\u00bb bg_image_new=\u00a0\u00bbid^1653|url^https:\/\/www.orange-srl.com\/wp-content\/uploads\/2021\/02\/chi-siamo-1.jpg|caption^null|alt^null|title^null|description^null\u00a0\u00bb bg_image_repeat=\u00a0\u00bbno-repeat\u00a0\u00bb bg_override=\u00a0\u00bbex-full\u00a0\u00bb enable_overlay=\u00a0\u00bbenable_overlay_value\u00a0\u00bb overlay_color=\u00a0\u00bbrgba(0,0,0,0.6)\u00a0\u00bb ult_hide_row=\u00a0\u00bbult_hide_row_value\u00a0\u00bb ult_hide_row_desktop=\u00a0\u00bbdesktop\u00a0\u00bb ult_hide_row_tablet=\u00a0\u00bbtablet\u00a0\u00bb ult_hide_row_tablet_small=\u00a0\u00bbxs_tablet\u00a0\u00bb ult_hide_row_mobile=\u00a0\u00bbmobile\u00a0\u00bb ult_hide_row_mobile_large=\u00a0\u00bbxl_mobile\u00a0\u00bb css=\u00a0\u00bb.vc_custom_1613395214548{padding-top: 100px !important;padding-bottom: 350px !important;}\u00a0\u00bb][vc_column][vc_custom_heading text=\u00a0\u00bb<b>D\u00e9couvrez Orange<\/b>\u00a0\u00bb font_container=\u00a0\u00bbtag:h3|font_size:18px|text_align:left|color:%2395c11f\u00a0\u00bb use_theme_fonts=\u00a0\u00bbyes\u00a0\u00bb css_animation=\u00a0\u00bbnone\u00a0\u00bb]<div class=\"ult-spacer spacer-69f29b35dc11b\" data-id=\"69f29b35dc11b\" data-height=\"8\" data-height-mobile=\"8\" data-height-tab=\"8\" data-height-tab-portrait=\"\" data-height-mobile-landscape=\"\" style=\"clear:both;display:block;\"><\/div>[vc_custom_heading text=\u00a0\u00bb\u00c0 propos\u00a0\u00bb font_container=\u00a0\u00bbtag:h1|font_size:45px|text_align:left|color:%23ffffff\u00a0\u00bb use_theme_fonts=\u00a0\u00bbyes\u00a0\u00bb css_animation=\u00a0\u00bbnone\u00a0\u00bb][\/vc_column][\/vc_row][vc_row bg_type=\u00a0\u00bbimage\u00a0\u00bb parallax_style=\u00a0\u00bbvcpb-vz-jquery\u00a0\u00bb bg_image_new=\u00a0\u00bbid^1653|url^https:\/\/www.orange-srl.com\/wp-content\/uploads\/2021\/02\/chi-siamo-1.jpg|caption^null|alt^null|title^null|description^null\u00a0\u00bb bg_image_repeat=\u00a0\u00bbno-repeat\u00a0\u00bb bg_override=\u00a0\u00bbex-full\u00a0\u00bb enable_overlay=\u00a0\u00bbenable_overlay_value\u00a0\u00bb overlay_color=\u00a0\u00bbrgba(0,0,0,0.6)\u00a0\u00bb ult_hide_row=\u00a0\u00bbult_hide_row_value\u00a0\u00bb ult_hide_row_large_screen=\u00a0\u00bblarge_screen\u00a0\u00bb ult_hide_row_tablet_small=\u00a0\u00bbxs_tablet\u00a0\u00bb ult_hide_row_mobile=\u00a0\u00bbmobile\u00a0\u00bb ult_hide_row_mobile_large=\u00a0\u00bbxl_mobile\u00a0\u00bb css=\u00a0\u00bb.vc_custom_1613395142470{padding-top: 140px !important;padding-bottom: 140px !important;}\u00a0\u00bb][vc_column][vc_custom_heading text=\u00a0\u00bb<b>D\u00e9couvrez Orange<\/b>\u00a0\u00bb font_container=\u00a0\u00bbtag:h3|font_size:18px|text_align:left|color:%2395c11f\u00a0\u00bb use_theme_fonts=\u00a0\u00bbyes\u00a0\u00bb css_animation=\u00a0\u00bbnone\u00a0\u00bb]<div class=\"ult-spacer spacer-69f29b35dc188\" data-id=\"69f29b35dc188\" data-height=\"8\" data-height-mobile=\"8\" data-height-tab=\"8\" data-height-tab-portrait=\"\" data-height-mobile-landscape=\"\" style=\"clear:both;display:block;\"><\/div>[vc_custom_heading text=\u00a0\u00bb\u00c0 propos\u00a0\u00bb font_container=\u00a0\u00bbtag:h1|font_size:45px|text_align:left|color:%23ffffff\u00a0\u00bb use_theme_fonts=\u00a0\u00bbyes\u00a0\u00bb css_animation=\u00a0\u00bbnone\u00a0\u00bb][\/vc_column][\/vc_row][vc_row bg_type=\u00a0\u00bbbg_color\u00a0\u00bb ult_hide_row=\u00a0\u00bbult_hide_row_value\u00a0\u00bb ult_hide_row_tablet_small=\u00a0\u00bbxs_tablet\u00a0\u00bb ult_hide_row_mobile=\u00a0\u00bbmobile\u00a0\u00bb ult_hide_row_mobile_large=\u00a0\u00bbxl_mobile\u00a0\u00bb css=\u00a0\u00bb.vc_custom_1587136839096{padding-top: 50px !important;padding-bottom: 50px !important;}\u00a0\u00bb][vc_column width=\u00a0\u00bb1\/6&Prime;][\/vc_column][vc_column width=\u00a0\u00bb2\/3&Prime;][vc_column_text]Orange est n\u00e9 en 2017 de l\u2019esprit entrepreneurial de Giancarlo Giraudo et Marco Mussino, deux jeunes professionnels avec de nombreuses ann\u00e9es d\u2019exp\u00e9rience en graphisme et impression ainsi qu\u2019une remarquable capacit\u00e9 d\u2019\u00e9coute vis-\u00e0-vis des diff\u00e9rents partenaires commerciaux et de leurs besoins.<\/p>\n<p>La satisfaction du client a toujours \u00e9t\u00e9 la mission principale d\u2019Orange: chaque d\u00e9tail est fondamental et chaque nuance m\u00e9rite la bonne attention.<\/p>\n<p>L\u2019activit\u00e9 d\u2019Orange ne se limite pas \u00e0 la production mais garantit un d\u00e9veloppement complet du projet, de la conception \u00e0 la livraison. Gr\u00e2ce \u00e0 un travail de conseil minutieux, Orange offre \u00e0 ses partenaires une vaste exp\u00e9rience dans le domaine de la conception et de la communication dans le but de transformer le concept du client en projet concret, tout en assurant les soins n\u00e9cessaires \u00e0 chaque \u00e9tape du processus de cr\u00e9ation et de production.<\/p>\n<p>La recherche de la solution id\u00e9ale et de meilleure qualit\u00e9 repr\u00e9sente le moteur qui anime le travail quotidien d\u2019Orange, une \u00e9quipe jeune, attentive \u00e0 l\u2019\u00e9volution du monde de la communication et de la technologie et qui a vocation \u00e0 proposer des solutions modernes et innovantes; un regard toujours tourn\u00e9 vers l\u2019avenir, mais \u00e9galement capable de se retourner en arri\u00e8re et valoriser de nombreuses ann\u00e9es d\u2019exp\u00e9rience dans le domaine graphique, dans la gestion de la couleur, de la pagination et de l\u2019impression num\u00e9rique et offset. Gr\u00e2ce \u00e0 cette exp\u00e9rience, le personnel d\u2019Orange est pr\u00eat \u00e0 traiter et \u00e0 r\u00e9soudre tout probl\u00e8me potentiel, de fa\u00e7on rapide et pr\u00e9cise, avant qu\u2019il n\u2019affecte le client.[\/vc_column_text][\/vc_column][vc_column width=\u00a0\u00bb1\/6&Prime;][\/vc_column][\/vc_row][vc_row content_placement=\u00a0\u00bbmiddle\u00a0\u00bb bg_type=\u00a0\u00bbimage\u00a0\u00bb parallax_style=\u00a0\u00bbvcpb-default\u00a0\u00bb bg_image_new=\u00a0\u00bbid^94|url^http:\/\/www.orange-srl.com\/wp-content\/uploads\/2020\/03\/gadget_merchandising.jpg|caption^null|alt^null|title^gadget_merchandising|description^null\u00a0\u00bb bg_image_repeat=\u00a0\u00bbno-repeat\u00a0\u00bb bg_override=\u00a0\u00bbex-full\u00a0\u00bb enable_overlay=\u00a0\u00bbenable_overlay_value\u00a0\u00bb overlay_color=\u00a0\u00bbrgba(0,0,0,0.61)\u00a0\u00bb ult_hide_row=\u00a0\u00bbult_hide_row_value\u00a0\u00bb ult_hide_row_tablet_small=\u00a0\u00bbxs_tablet\u00a0\u00bb ult_hide_row_mobile=\u00a0\u00bbmobile\u00a0\u00bb ult_hide_row_mobile_large=\u00a0\u00bbxl_mobile\u00a0\u00bb css=\u00a0\u00bb.vc_custom_1587137593603{padding-top: 100px !important;padding-bottom: 100px !important;}\u00a0\u00bb][vc_column width=\u00a0\u00bb2\/3&Prime;][vc_custom_heading text=\u00a0\u00bb<b>Du concept au projet concret<\/b>\u00a0\u00bb font_container=\u00a0\u00bbtag:h3|font_size:17px|text_align:left|color:%2395c11f\u00a0\u00bb use_theme_fonts=\u00a0\u00bbyes\u00a0\u00bb css_animation=\u00a0\u00bbnone\u00a0\u00bb][vc_custom_heading text=\u00a0\u00bbD\u00e9couvrez nos services\u00a0\u00bb font_container=\u00a0\u00bbtag:h1|font_size:40px|text_align:left|color:%23ffffff\u00a0\u00bb use_theme_fonts=\u00a0\u00bbyes\u00a0\u00bb css_animation=\u00a0\u00bbnone\u00a0\u00bb][\/vc_column][vc_column width=\u00a0\u00bb1\/3&Prime;]<div class=\" ubtn-ctn-center anchor-link\"><a class=\"ubtn-link ult-adjust-bottom-margin ubtn-center ubtn-custom anchor-link\" href=\"http:\/\/www.orange-srl.com\/fr\/#!\/services\" ><button type=\"button\" id=\"ubtn-9228\"  class=\"ubtn ult-adjust-bottom-margin ult-responsive ubtn-custom ubtn-no-hover-bg  none  ubtn-sep-icon ubtn-sep-icon-at-right  ubtn-center   tooltip-69f29b35dc1ec\"  data-hover=\"#ffffff\" data-border-color=\"#95c11f\" data-bg=\"\" data-hover-bg=\"rgba(149,193,31,0.24)\" data-border-hover=\"\" data-shadow-hover=\"\" data-shadow-click=\"none\" data-shadow=\"\" data-shd-shadow=\"\"  data-ultimate-target='#ubtn-9228'  data-responsive-json-new='{\"font-size\":\"desktop:20px;\",\"line-height\":\"\"}'  style=\"font-weight:normal;width:280px;min-height:40px;padding:px px;border-radius:0px;border-width:1px;border-color:#95c11f;border-style:solid;color: #95c11f;\"><span class=\"ubtn-data ubtn-icon\"><i class=\"icomoon-the7-font-the7-arrow-29\" style=\"font-size:16px;color:#95c11f;\"><\/i><\/span><span class=\"ubtn-hover\" style=\"background-color:rgba(149,193,31,0.24)\"><\/span><span class=\"ubtn-data ubtn-text \" >Acc\u00e9der aux services<\/span><\/button><\/a><\/div>[\/vc_column][\/vc_row][vc_row bg_type=\u00a0\u00bbimage\u00a0\u00bb parallax_style=\u00a0\u00bbvcpb-vz-jquery\u00a0\u00bb bg_image_new=\u00a0\u00bbid^1650|url^https:\/\/www.orange-srl.com\/wp-content\/uploads\/2021\/02\/chi-siamo.jpg|caption^null|alt^null|title^null|description^null\u00a0\u00bb bg_image_repeat=\u00a0\u00bbno-repeat\u00a0\u00bb bg_override=\u00a0\u00bbex-full\u00a0\u00bb enable_overlay=\u00a0\u00bbenable_overlay_value\u00a0\u00bb overlay_color=\u00a0\u00bbrgba(0,0,0,0.6)\u00a0\u00bb ult_hide_row=\u00a0\u00bbult_hide_row_value\u00a0\u00bb ult_hide_row_large_screen=\u00a0\u00bblarge_screen\u00a0\u00bb ult_hide_row_desktop=\u00a0\u00bbdesktop\u00a0\u00bb ult_hide_row_tablet=\u00a0\u00bbtablet\u00a0\u00bb css=\u00a0\u00bb.vc_custom_1612196819374{padding-top: 50px !important;padding-bottom: 50px !important;}\u00a0\u00bb][vc_column][vc_custom_heading text=\u00a0\u00bb<b>D\u00e9couvrez Orange<\/b>\u00a0\u00bb font_container=\u00a0\u00bbtag:h3|font_size:18px|text_align:left|color:%2395c11f\u00a0\u00bb use_theme_fonts=\u00a0\u00bbyes\u00a0\u00bb css_animation=\u00a0\u00bbnone\u00a0\u00bb]<div class=\"ult-spacer spacer-69f29b35dc2d2\" data-id=\"69f29b35dc2d2\" data-height=\"8\" data-height-mobile=\"8\" data-height-tab=\"8\" data-height-tab-portrait=\"\" data-height-mobile-landscape=\"\" style=\"clear:both;display:block;\"><\/div>[vc_custom_heading text=\u00a0\u00bb\u00c0 propos\u00a0\u00bb font_container=\u00a0\u00bbtag:h1|font_size:45px|text_align:left|color:%23ffffff\u00a0\u00bb use_theme_fonts=\u00a0\u00bbyes\u00a0\u00bb css_animation=\u00a0\u00bbnone\u00a0\u00bb][\/vc_column][\/vc_row][vc_row bg_type=\u00a0\u00bbbg_color\u00a0\u00bb ult_hide_row=\u00a0\u00bbult_hide_row_value\u00a0\u00bb ult_hide_row_large_screen=\u00a0\u00bblarge_screen\u00a0\u00bb ult_hide_row_desktop=\u00a0\u00bbdesktop\u00a0\u00bb ult_hide_row_tablet=\u00a0\u00bbtablet\u00a0\u00bb css=\u00a0\u00bb.vc_custom_1612258190323{margin-right: 1px !important;margin-left: 1px !important;}\u00a0\u00bb][vc_column][vc_column_text]Orange est n\u00e9 en 2017 de l\u2019esprit entrepreneurial de Giancarlo Giraudo et Marco Mussino, deux jeunes professionnels avec de nombreuses ann\u00e9es d\u2019exp\u00e9rience en graphisme et impression ainsi qu\u2019une remarquable capacit\u00e9 d\u2019\u00e9coute vis-\u00e0-vis des diff\u00e9rents partenaires commerciaux et de leurs besoins.<\/p>\n<p>La satisfaction du client a toujours \u00e9t\u00e9 la mission principale d\u2019Orange: chaque d\u00e9tail est fondamental et chaque nuance m\u00e9rite la bonne attention.<\/p>\n<p>L\u2019activit\u00e9 d\u2019Orange ne se limite pas \u00e0 la production mais garantit un d\u00e9veloppement complet du projet, de la conception \u00e0 la livraison. Gr\u00e2ce \u00e0 un travail de conseil minutieux, Orange offre \u00e0 ses partenaires une vaste exp\u00e9rience dans le domaine de la conception et de la communication dans le but de transformer le concept du client en projet concret, tout en assurant les soins n\u00e9cessaires \u00e0 chaque \u00e9tape du processus de cr\u00e9ation et de production.<\/p>\n<p>La recherche de la solution id\u00e9ale et de meilleure qualit\u00e9 repr\u00e9sente le moteur qui anime le travail quotidien d\u2019Orange, une \u00e9quipe jeune, attentive \u00e0 l\u2019\u00e9volution du monde de la communication et de la technologie et qui a vocation \u00e0 proposer des solutions modernes et innovantes; un regard toujours tourn\u00e9 vers l\u2019avenir, mais \u00e9galement capable de se retourner en arri\u00e8re et valoriser de nombreuses ann\u00e9es d\u2019exp\u00e9rience dans le domaine graphique, dans la gestion de la couleur, de la pagination et de l\u2019impression num\u00e9rique et offset. Gr\u00e2ce \u00e0 cette exp\u00e9rience, le personnel d\u2019Orange est pr\u00eat \u00e0 traiter et \u00e0 r\u00e9soudre tout probl\u00e8me potentiel, de fa\u00e7on rapide et pr\u00e9cise, avant qu\u2019il n\u2019affecte le client.[\/vc_column_text][\/vc_column][\/vc_row][vc_row bg_type=\u00a0\u00bbimage\u00a0\u00bb parallax_style=\u00a0\u00bbvcpb-default\u00a0\u00bb bg_image_new=\u00a0\u00bbid^94|url^http:\/\/www.orange-srl.com\/wp-content\/uploads\/2020\/03\/gadget_merchandising.jpg|caption^null|alt^null|title^gadget_merchandising|description^null\u00a0\u00bb bg_image_repeat=\u00a0\u00bbno-repeat\u00a0\u00bb bg_override=\u00a0\u00bbex-full\u00a0\u00bb enable_overlay=\u00a0\u00bbenable_overlay_value\u00a0\u00bb overlay_color=\u00a0\u00bbrgba(0,0,0,0.61)\u00a0\u00bb ult_hide_row=\u00a0\u00bbult_hide_row_value\u00a0\u00bb ult_hide_row_large_screen=\u00a0\u00bblarge_screen\u00a0\u00bb ult_hide_row_desktop=\u00a0\u00bbdesktop\u00a0\u00bb ult_hide_row_tablet=\u00a0\u00bbtablet\u00a0\u00bb css=\u00a0\u00bb.vc_custom_1587137309089{padding-top: 50px !important;padding-bottom: 50px !important;}\u00a0\u00bb][vc_column][vc_custom_heading text=\u00a0\u00bb<b>Du concept au projet concret<\/b>\u00a0\u00bb font_container=\u00a0\u00bbtag:h3|font_size:17px|text_align:left|color:%2395c11f\u00a0\u00bb use_theme_fonts=\u00a0\u00bbyes\u00a0\u00bb css_animation=\u00a0\u00bbnone\u00a0\u00bb][vc_custom_heading text=\u00a0\u00bbD\u00e9couvrez nos services\u00a0\u00bb font_container=\u00a0\u00bbtag:h1|font_size:35px|text_align:left|color:%23ffffff\u00a0\u00bb use_theme_fonts=\u00a0\u00bbyes\u00a0\u00bb css_animation=\u00a0\u00bbnone\u00a0\u00bb]<div class=\"ult-spacer spacer-69f29b35dc32b\" data-id=\"69f29b35dc32b\" data-height=\"20\" data-height-mobile=\"20\" data-height-tab=\"20\" data-height-tab-portrait=\"\" data-height-mobile-landscape=\"\" style=\"clear:both;display:block;\"><\/div><div class=\" ubtn-ctn-left anchor-link\"><a class=\"ubtn-link ult-adjust-bottom-margin ubtn-left ubtn-custom anchor-link\" href=\"http:\/\/www.orange-srl.com\/fr\/#!\/serv-mobile\" ><button type=\"button\" id=\"ubtn-2294\"  class=\"ubtn ult-adjust-bottom-margin ult-responsive ubtn-custom ubtn-no-hover-bg  none  ubtn-sep-icon ubtn-sep-icon-at-right  ubtn-left   tooltip-69f29b35dc371\"  data-hover=\"#ffffff\" data-border-color=\"#95c11f\" data-bg=\"\" data-hover-bg=\"rgba(149,193,31,0.24)\" data-border-hover=\"\" data-shadow-hover=\"\" data-shadow-click=\"none\" data-shadow=\"\" data-shd-shadow=\"\"  data-ultimate-target='#ubtn-2294'  data-responsive-json-new='{\"font-size\":\"desktop:17px;\",\"line-height\":\"\"}'  style=\"font-weight:normal;width:260px;min-height:40px;padding:px px;border-radius:0px;border-width:1px;border-color:#95c11f;border-style:solid;color: #95c11f;\"><span class=\"ubtn-data ubtn-icon\"><i class=\"icomoon-the7-font-the7-arrow-29\" style=\"font-size:16px;color:#95c11f;\"><\/i><\/span><span class=\"ubtn-hover\" style=\"background-color:rgba(149,193,31,0.24)\"><\/span><span class=\"ubtn-data ubtn-text \" >Acc\u00e9der aux services<\/span><\/button><\/a><\/div>[\/vc_column][\/vc_row]<\/p>\n<\/div>","protected":false},"excerpt":{"rendered":"<p>[vc_row bg_type=\u00a0\u00bbimage\u00a0\u00bb parallax_style=\u00a0\u00bbvcpb-vz-jquery\u00a0\u00bb bg_image_new=\u00a0\u00bbid^1653|url^https:\/\/www.orange-srl.com\/wp-content\/uploads\/2021\/02\/chi-siamo-1.jpg|caption^null|alt^null|title^null|description^null\u00a0\u00bb bg_image_repeat=\u00a0\u00bbno-repeat\u00a0\u00bb bg_override=\u00a0\u00bbex-full\u00a0\u00bb enable_overlay=\u00a0\u00bbenable_overlay_value\u00a0\u00bb overlay_color=\u00a0\u00bbrgba(0,0,0,0.6)\u00a0\u00bb ult_hide_row=\u00a0\u00bbult_hide_row_value\u00a0\u00bb ult_hide_row_desktop=\u00a0\u00bbdesktop\u00a0\u00bb ult_hide_row_tablet=\u00a0\u00bbtablet\u00a0\u00bb ult_hide_row_tablet_small=\u00a0\u00bbxs_tablet\u00a0\u00bb ult_hide_row_mobile=\u00a0\u00bbmobile\u00a0\u00bb ult_hide_row_mobile_large=\u00a0\u00bbxl_mobile\u00a0\u00bb css=\u00a0\u00bb.vc_custom_1613395214548{padding-top: 100px !important;padding-bottom: 350px !important;}\u00a0\u00bb][vc_column][vc_custom_heading text=\u00a0\u00bbD\u00e9couvrez Orange\u00a0\u00bb font_container=\u00a0\u00bbtag:h3|font_size:18px|text_align:left|color:%2395c11f\u00a0\u00bb use_theme_fonts=\u00a0\u00bbyes\u00a0\u00bb css_animation=\u00a0\u00bbnone\u00a0\u00bb][vc_custom_heading text=\u00a0\u00bb\u00c0 propos\u00a0\u00bb font_container=\u00a0\u00bbtag:h1|font_size:45px|text_align:left|color:%23ffffff\u00a0\u00bb use_theme_fonts=\u00a0\u00bbyes\u00a0\u00bb css_animation=\u00a0\u00bbnone\u00a0\u00bb][\/vc_column][\/vc_row][vc_row bg_type=\u00a0\u00bbimage\u00a0\u00bb parallax_style=\u00a0\u00bbvcpb-vz-jquery\u00a0\u00bb bg_image_new=\u00a0\u00bbid^1653|url^https:\/\/www.orange-srl.com\/wp-content\/uploads\/2021\/02\/chi-siamo-1.jpg|caption^null|alt^null|title^null|description^null\u00a0\u00bb bg_image_repeat=\u00a0\u00bbno-repeat\u00a0\u00bb bg_override=\u00a0\u00bbex-full\u00a0\u00bb enable_overlay=\u00a0\u00bbenable_overlay_value\u00a0\u00bb overlay_color=\u00a0\u00bbrgba(0,0,0,0.6)\u00a0\u00bb ult_hide_row=\u00a0\u00bbult_hide_row_value\u00a0\u00bb ult_hide_row_large_screen=\u00a0\u00bblarge_screen\u00a0\u00bb ult_hide_row_tablet_small=\u00a0\u00bbxs_tablet\u00a0\u00bb ult_hide_row_mobile=\u00a0\u00bbmobile\u00a0\u00bb ult_hide_row_mobile_large=\u00a0\u00bbxl_mobile\u00a0\u00bb css=\u00a0\u00bb.vc_custom_1613395142470{padding-top: 140px !important;padding-bottom: 140px !important;}\u00a0\u00bb][vc_column][vc_custom_heading text=\u00a0\u00bbD\u00e9couvrez Orange\u00a0\u00bb font_container=\u00a0\u00bbtag:h3|font_size:18px|text_align:left|color:%2395c11f\u00a0\u00bb use_theme_fonts=\u00a0\u00bbyes\u00a0\u00bb css_animation=\u00a0\u00bbnone\u00a0\u00bb][vc_custom_heading text=\u00a0\u00bb\u00c0 propos\u00a0\u00bb font_container=\u00a0\u00bbtag:h1|font_size:45px|text_align:left|color:%23ffffff\u00a0\u00bb use_theme_fonts=\u00a0\u00bbyes\u00a0\u00bb&hellip;<\/p>\n","protected":false},"author":1,"featured_media":0,"parent":0,"menu_order":0,"comment_status":"closed","ping_status":"closed","template":"template-microsite.php","meta":{"footnotes":""},"class_list":["post-1104","page","type-page","status-publish","hentry","description-off"],"yoast_head":"<!-- This site is optimized with the Yoast SEO plugin v27.2 - https:\/\/yoast.com\/product\/yoast-seo-wordpress\/ -->\n<title>\u00c0 propos - Orange Srl<\/title>\n<meta name=\"description\" content=\"\u00c0 propos - Orange Srl. L\u2019activit\u00e9 d\u2019Orange ne se limite pas \u00e0 la production mais garantit un d\u00e9veloppement complet du projet, de la conception \u00e0 la livraison.\" \/>\n<meta name=\"robots\" content=\"index, follow, max-snippet:-1, max-image-preview:large, max-video-preview:-1\" \/>\n<link rel=\"canonical\" href=\"https:\/\/www.orange-srl.com\/fr\/a-propos\/\" \/>\n<meta property=\"og:locale\" content=\"fr_FR\" \/>\n<meta property=\"og:type\" content=\"article\" \/>\n<meta property=\"og:title\" content=\"\u00c0 propos - Orange Srl\" \/>\n<meta property=\"og:description\" content=\"\u00c0 propos - Orange Srl. L\u2019activit\u00e9 d\u2019Orange ne se limite pas \u00e0 la production mais garantit un d\u00e9veloppement complet du projet, de la conception \u00e0 la livraison.\" \/>\n<meta property=\"og:url\" content=\"https:\/\/www.orange-srl.com\/fr\/a-propos\/\" \/>\n<meta property=\"og:site_name\" content=\"Orange Srl\" \/>\n<meta property=\"article:modified_time\" content=\"2021-03-11T08:58:27+00:00\" \/>\n<meta name=\"twitter:card\" content=\"summary_large_image\" \/>\n<meta name=\"twitter:label1\" content=\"Dur\u00e9e de lecture estim\u00e9e\" \/>\n\t<meta name=\"twitter:data1\" content=\"4 minutes\" \/>\n<script type=\"application\/ld+json\" class=\"yoast-schema-graph\">{\"@context\":\"https:\/\/schema.org\",\"@graph\":[{\"@type\":\"WebPage\",\"@id\":\"https:\/\/www.orange-srl.com\/fr\/a-propos\/\",\"url\":\"https:\/\/www.orange-srl.com\/fr\/a-propos\/\",\"name\":\"\u00c0 propos - Orange Srl\",\"isPartOf\":{\"@id\":\"https:\/\/www.orange-srl.com\/#website\"},\"datePublished\":\"2020-03-16T14:08:43+00:00\",\"dateModified\":\"2021-03-11T08:58:27+00:00\",\"description\":\"\u00c0 propos - Orange Srl. L\u2019activit\u00e9 d\u2019Orange ne se limite pas \u00e0 la production mais garantit un d\u00e9veloppement complet du projet, de la conception \u00e0 la livraison.\",\"breadcrumb\":{\"@id\":\"https:\/\/www.orange-srl.com\/fr\/a-propos\/#breadcrumb\"},\"inLanguage\":\"fr-FR\",\"potentialAction\":[{\"@type\":\"ReadAction\",\"target\":[\"https:\/\/www.orange-srl.com\/fr\/a-propos\/\"]}]},{\"@type\":\"BreadcrumbList\",\"@id\":\"https:\/\/www.orange-srl.com\/fr\/a-propos\/#breadcrumb\",\"itemListElement\":[{\"@type\":\"ListItem\",\"position\":1,\"name\":\"Home\",\"item\":\"https:\/\/www.orange-srl.com\/fr\/\"},{\"@type\":\"ListItem\",\"position\":2,\"name\":\"\u00c0 propos\"}]},{\"@type\":\"WebSite\",\"@id\":\"https:\/\/www.orange-srl.com\/#website\",\"url\":\"https:\/\/www.orange-srl.com\/\",\"name\":\"Orange Srl\",\"description\":\"High End Printing Solutions\",\"publisher\":{\"@id\":\"https:\/\/www.orange-srl.com\/#organization\"},\"potentialAction\":[{\"@type\":\"SearchAction\",\"target\":{\"@type\":\"EntryPoint\",\"urlTemplate\":\"https:\/\/www.orange-srl.com\/?s={search_term_string}\"},\"query-input\":{\"@type\":\"PropertyValueSpecification\",\"valueRequired\":true,\"valueName\":\"search_term_string\"}}],\"inLanguage\":\"fr-FR\"},{\"@type\":\"Organization\",\"@id\":\"https:\/\/www.orange-srl.com\/#organization\",\"name\":\"Orange srl\",\"url\":\"https:\/\/www.orange-srl.com\/\",\"logo\":{\"@type\":\"ImageObject\",\"inLanguage\":\"fr-FR\",\"@id\":\"https:\/\/www.orange-srl.com\/#\/schema\/logo\/image\/\",\"url\":\"https:\/\/www.orange-srl.com\/wp-content\/uploads\/2021\/02\/logo-mob.png\",\"contentUrl\":\"https:\/\/www.orange-srl.com\/wp-content\/uploads\/2021\/02\/logo-mob.png\",\"width\":100,\"height\":27,\"caption\":\"Orange srl\"},\"image\":{\"@id\":\"https:\/\/www.orange-srl.com\/#\/schema\/logo\/image\/\"}}]}<\/script>\n<!-- \/ Yoast SEO plugin. -->","yoast_head_json":{"title":"\u00c0 propos - Orange Srl","description":"\u00c0 propos - Orange Srl. L\u2019activit\u00e9 d\u2019Orange ne se limite pas \u00e0 la production mais garantit un d\u00e9veloppement complet du projet, de la conception \u00e0 la livraison.","robots":{"index":"index","follow":"follow","max-snippet":"max-snippet:-1","max-image-preview":"max-image-preview:large","max-video-preview":"max-video-preview:-1"},"canonical":"https:\/\/www.orange-srl.com\/fr\/a-propos\/","og_locale":"fr_FR","og_type":"article","og_title":"\u00c0 propos - Orange Srl","og_description":"\u00c0 propos - Orange Srl. L\u2019activit\u00e9 d\u2019Orange ne se limite pas \u00e0 la production mais garantit un d\u00e9veloppement complet du projet, de la conception \u00e0 la livraison.","og_url":"https:\/\/www.orange-srl.com\/fr\/a-propos\/","og_site_name":"Orange Srl","article_modified_time":"2021-03-11T08:58:27+00:00","twitter_card":"summary_large_image","twitter_misc":{"Dur\u00e9e de lecture estim\u00e9e":"4 minutes"},"schema":{"@context":"https:\/\/schema.org","@graph":[{"@type":"WebPage","@id":"https:\/\/www.orange-srl.com\/fr\/a-propos\/","url":"https:\/\/www.orange-srl.com\/fr\/a-propos\/","name":"\u00c0 propos - Orange Srl","isPartOf":{"@id":"https:\/\/www.orange-srl.com\/#website"},"datePublished":"2020-03-16T14:08:43+00:00","dateModified":"2021-03-11T08:58:27+00:00","description":"\u00c0 propos - Orange Srl. L\u2019activit\u00e9 d\u2019Orange ne se limite pas \u00e0 la production mais garantit un d\u00e9veloppement complet du projet, de la conception \u00e0 la livraison.","breadcrumb":{"@id":"https:\/\/www.orange-srl.com\/fr\/a-propos\/#breadcrumb"},"inLanguage":"fr-FR","potentialAction":[{"@type":"ReadAction","target":["https:\/\/www.orange-srl.com\/fr\/a-propos\/"]}]},{"@type":"BreadcrumbList","@id":"https:\/\/www.orange-srl.com\/fr\/a-propos\/#breadcrumb","itemListElement":[{"@type":"ListItem","position":1,"name":"Home","item":"https:\/\/www.orange-srl.com\/fr\/"},{"@type":"ListItem","position":2,"name":"\u00c0 propos"}]},{"@type":"WebSite","@id":"https:\/\/www.orange-srl.com\/#website","url":"https:\/\/www.orange-srl.com\/","name":"Orange Srl","description":"High End Printing Solutions","publisher":{"@id":"https:\/\/www.orange-srl.com\/#organization"},"potentialAction":[{"@type":"SearchAction","target":{"@type":"EntryPoint","urlTemplate":"https:\/\/www.orange-srl.com\/?s={search_term_string}"},"query-input":{"@type":"PropertyValueSpecification","valueRequired":true,"valueName":"search_term_string"}}],"inLanguage":"fr-FR"},{"@type":"Organization","@id":"https:\/\/www.orange-srl.com\/#organization","name":"Orange srl","url":"https:\/\/www.orange-srl.com\/","logo":{"@type":"ImageObject","inLanguage":"fr-FR","@id":"https:\/\/www.orange-srl.com\/#\/schema\/logo\/image\/","url":"https:\/\/www.orange-srl.com\/wp-content\/uploads\/2021\/02\/logo-mob.png","contentUrl":"https:\/\/www.orange-srl.com\/wp-content\/uploads\/2021\/02\/logo-mob.png","width":100,"height":27,"caption":"Orange srl"},"image":{"@id":"https:\/\/www.orange-srl.com\/#\/schema\/logo\/image\/"}}]}},"_links":{"self":[{"href":"https:\/\/www.orange-srl.com\/fr\/wp-json\/wp\/v2\/pages\/1104","targetHints":{"allow":["GET"]}}],"collection":[{"href":"https:\/\/www.orange-srl.com\/fr\/wp-json\/wp\/v2\/pages"}],"about":[{"href":"https:\/\/www.orange-srl.com\/fr\/wp-json\/wp\/v2\/types\/page"}],"author":[{"embeddable":true,"href":"https:\/\/www.orange-srl.com\/fr\/wp-json\/wp\/v2\/users\/1"}],"replies":[{"embeddable":true,"href":"https:\/\/www.orange-srl.com\/fr\/wp-json\/wp\/v2\/comments?post=1104"}],"version-history":[{"count":15,"href":"https:\/\/www.orange-srl.com\/fr\/wp-json\/wp\/v2\/pages\/1104\/revisions"}],"predecessor-version":[{"id":1959,"href":"https:\/\/www.orange-srl.com\/fr\/wp-json\/wp\/v2\/pages\/1104\/revisions\/1959"}],"wp:attachment":[{"href":"https:\/\/www.orange-srl.com\/fr\/wp-json\/wp\/v2\/media?parent=1104"}],"curies":[{"name":"wp","href":"https:\/\/api.w.org\/{rel}","templated":true}]}}